{"id":756,"date":"2026-02-18T11:38:11","date_gmt":"2026-02-18T11:38:11","guid":{"rendered":"https:\/\/hawinorge.no\/?page_id=756"},"modified":"2026-02-18T19:44:37","modified_gmt":"2026-02-18T19:44:37","slug":"forside","status":"publish","type":"page","link":"https:\/\/hawinorge.no\/","title":{"rendered":""},"content":{"rendered":"\n<p class=\"has-black-color has-text-color has-link-color has-x-large-font-size wp-elements-26f4d4ce336cbaed14a3ac05eaf14807\"><strong>R\u00e5dgivning i sirkul\u00e6re masser og b\u00e6rekraftige bygg<\/strong><\/p>\n\n\n\n<p>Hawi Norge AS er en uavhengig r\u00e5dgiver innen sirkul\u00e6re masser og b\u00e6rekraftige byggprosjekter.<br>Vi bist\u00e5r offentlige og private akt\u00f8rer med beslutningsgrunnlag, struktur og gjennomf\u00f8ring \u2013 fra tidligfase til ferdigstillelse.<\/p>\n\n\n\n<p><strong>Effektiv ressursbruk. Dokumentert kvalitet. B\u00e6rekraft i praksis.<\/strong><\/p>\n\n\n\n<div class=\"wp-block-buttons is-layout-flex wp-block-buttons-is-layout-flex\">\n<div class=\"wp-block-button\"><a class=\"wp-block-button__link wp-element-button\">Kontakt oss<\/a><\/div>\n\n\n\n<div class=\"wp-block-button\"><a class=\"wp-block-button__link wp-element-button\">Kontakt oss<\/a><\/div>\n\n\n<\/div>\n\n\n\n<div class=\"wp-block-group has-ast-global-color-4-background-color has-background is-layout-constrained wp-block-group-is-layout-constrained\">\n<p class=\"has-black-color has-text-color has-link-color has-x-large-font-size wp-elements-eb93702855507973209abf164c9117ee\"><strong>V\u00e5re fagomr\u00e5der<\/strong><\/p>\n\n\n\n<div class=\"wp-block-columns is-layout-flex wp-container-core-columns-is-layout-8fbed60e wp-block-columns-is-layout-flex\" style=\"margin-top:0;margin-bottom:0\">\n<div class=\"wp-block-column is-layout-flow wp-container-core-column-is-layout-5dafc681 wp-block-column-is-layout-flow\">\n<p class=\"has-ast-global-color-8-color has-text-color has-link-color has-large-font-size wp-elements-2c899eda0c6cc0e92c19528f8e23fb1e\">Sirkul\u00e6re masser og ombruk<\/p>\n\n\n\n<p class=\"has-ast-global-color-1-color has-text-color has-link-color has-medium-font-size wp-elements-74f5161c3b6944ca908a33014cc00d34\">Kartlegging, planlegging og dokumentasjon for optimal ressursutnyttelse<\/p>\n\n\n\n<p class=\"has-ast-global-color-8-color has-text-color has-link-color has-large-font-size wp-elements-0f9575ea186a069ddc55f8a994fa55dd\">R\u00e5dgivning i bygg og anlegg<\/p>\n\n\n\n<p class=\"has-ast-global-color-1-color has-text-color has-link-color has-medium-font-size wp-elements-a0c9f466b39c24dff6b329398ecfa1e0\">Prosjektst\u00f8tte fra tidligfase til ferdigstillelse<\/p>\n<\/div>\n\n\n\n<div class=\"wp-block-column is-layout-flow wp-container-core-column-is-layout-5dafc681 wp-block-column-is-layout-flow\">\n<p class=\"has-ast-global-color-8-color has-text-color has-link-color has-large-font-size wp-elements-a2b759cfc2da52545b600dae517b7ffd\">Kvalitet og kontroll<\/p>\n\n\n\n<p class=\"has-ast-global-color-1-color has-text-color has-link-color has-medium-font-size wp-elements-d4f4cf68048b8b598e88996ea18fd673\">Vurderinger og tiltak som bidrar til redusert klimaavtrykk og bedre ressursutnyttelse.<\/p>\n\n\n\n<p class=\"has-ast-global-color-8-color has-text-color has-link-color has-large-font-size wp-elements-92737bbfc325bb41eb4b7afed4a2fc30\">B\u00e6rekraft og milj\u00f8krav<\/p>\n\n\n\n<p class=\"has-ast-global-color-1-color has-text-color has-link-color has-medium-font-size wp-elements-83f8678a0f3a209180477888ca77ae30\">Systematisk kvalitetssikring gjennom hele prosessen.<\/p>\n<\/div>\n<\/div>\n<\/div>\n\n\n\n<div class=\"wp-block-group has-ast-global-color-4-background-color has-background is-layout-constrained wp-block-group-is-layout-constrained\">\n<p class=\"has-black-color has-text-color has-link-color has-large-font-size wp-elements-af1248c7b4c0b80eb02d164ce592c315\">Kontakt oss<\/p>\n\n\n\n<p>Ta gjerne kontakt for en uforpliktende prat om sirkul\u00e6re masser, bygg og b\u00e6rekraftige l\u00f8sninger.<\/p>\n\n\n\n<ul class=\"wp-block-list\">\n<li>\ud83d\udce9&nbsp;<a>post@hawinorge.no<\/a><\/li>\n\n\n\n<li>\ud83d\udccd Vassvegen 3, 2686 Lom<\/li>\n\n\n\n<li>\ud83c\udfe2 Org.nr: 927 069 539<\/li>\n<\/ul>\n\n\n\n<div class=\"wp-block-buttons is-layout-flex wp-block-buttons-is-layout-flex\">\n<div class=\"wp-block-button is-style-fill\"><a class=\"wp-block-button__link has-ast-global-color-1-background-color has-background wp-element-button\" style=\"border-width:10px;border-top-left-radius:10px;border-top-right-radius:10px;border-bottom-left-radius:10px;border-bottom-right-radius:10px;padding-top:var(--wp--preset--spacing--50);padding-right:var(--wp--preset--spacing--50);padding-bottom:var(--wp--preset--spacing--50);padding-left:var(--wp--preset--spacing--50)\" rel=\"mailto:post@hawinorge.no\"><strong>Send oss en e-post<\/strong><\/a><\/div>\n<\/div>\n<\/div>\n\n\n\n<div class=\"wp-block-columns is-layout-flex wp-container-core-columns-is-layout-28f84493 wp-block-columns-is-layout-flex\">\n<div class=\"wp-block-column is-layout-flow wp-block-column-is-layout-flow\">\n<div class=\"wp-block-group is-layout-constrained wp-block-group-is-layout-constrained\">\n<p class=\"has-black-color has-text-color has-link-color has-large-font-size wp-elements-1b8cb633ecf245249cc50ec47e9b7b23\">Om oss<\/p>\n\n\n\n<p>Hawi Norge AS ble etablert i 2021 med m\u00e5l om \u00e5 styrke sirkul\u00e6r ressursbruk i bygg- og anleggsbransjen.<\/p>\n\n\n\n<p>Med solid erfaring fra asfalt, industri, gjenbruk og milj\u00f8parker kombinerer vi operativ gjennomf\u00f8ringsevne med strategisk r\u00e5dgivning.<\/p>\n\n\n\n<p>Gjennom utviklingsprosjekter som TriCore l\u00f8fter vi restmaterialer h\u00f8yere i verdikjeden og utvikler nye, b\u00e6rekraftige l\u00f8sninger.<\/p>\n<\/div>\n<\/div>\n\n\n\n<div class=\"wp-block-column is-layout-flow wp-block-column-is-layout-flow\">\n<figure class=\"wp-block-image size-full\"><img loading=\"lazy\" decoding=\"async\" width=\"253\" height=\"316\" src=\"https:\/\/hawinorge.no\/wp-content\/uploads\/2026\/02\/Bilde1.png\" alt=\"\" class=\"wp-image-821\" srcset=\"https:\/\/hawinorge.no\/wp-content\/uploads\/2026\/02\/Bilde1.png 253w, https:\/\/hawinorge.no\/wp-content\/uploads\/2026\/02\/Bilde1-240x300.png 240w\" sizes=\"auto, (max-width: 253px) 100vw, 253px\" \/><\/figure>\n<\/div>\n<\/div>\n","protected":false},"excerpt":{"rendered":"<p>R\u00e5dgivning i sirkul\u00e6re masser og b\u00e6rekraftige bygg Hawi Norge AS er en uavhengig r\u00e5dgiver innen sirkul\u00e6re masser og b\u00e6rekraftige byggprosjekter.Vi bist\u00e5r offentlige og private akt\u00f8rer med beslutningsgrunnlag, struktur og gjennomf\u00f8ring \u2013 fra tidligfase til ferdigstillelse. Effektiv ressursbruk. Dokumentert kvalitet. B\u00e6rekraft i praksis. V\u00e5re fagomr\u00e5der Sirkul\u00e6re masser og ombruk Kartlegging, planlegging og dokumentasjon for optimal ressursutnyttelse [&hellip;]<\/p>\n","protected":false},"author":1,"featured_media":0,"parent":0,"menu_order":0,"comment_status":"closed","ping_status":"closed","template":"","meta":{"om_disable_all_campaigns":false,"_monsterinsights_skip_tracking":false,"_monsterinsights_sitenote_active":false,"_monsterinsights_sitenote_note":"","_monsterinsights_sitenote_category":0,"site-sidebar-layout":"default","site-content-layout":"","ast-site-content-layout":"default","site-content-style":"default","site-sidebar-style":"default","ast-global-header-display":"","ast-banner-title-visibility":"","ast-main-header-display":"","ast-hfb-above-header-display":"","ast-hfb-below-header-display":"","ast-hfb-mobile-header-display":"","site-post-title":"","ast-breadcrumbs-content":"","ast-featured-img":"","footer-sml-layout":"","ast-disable-related-posts":"","theme-transparent-header-meta":"","adv-header-id-meta":"","stick-header-meta":"","header-above-stick-meta":"","header-main-stick-meta":"","header-below-stick-meta":"","astra-migrate-meta-layouts":"set","ast-page-background-enabled":"default","ast-page-background-meta":{"desktop":{"background-color":"var(--ast-global-color-4)","background-image":"","background-repeat":"repeat","background-position":"center center","background-size":"auto","background-attachment":"scroll","background-type":"","background-media":"","overlay-type":"","overlay-color":"","overlay-opacity":"","overlay-gradient":""},"tablet":{"background-color":"","background-image":"","background-repeat":"repeat","background-position":"center center","background-size":"auto","background-attachment":"scroll","background-type":"","background-media":"","overlay-type":"","overlay-color":"","overlay-opacity":"","overlay-gradient":""},"mobile":{"background-color":"","background-image":"","background-repeat":"repeat","background-position":"center center","background-size":"auto","background-attachment":"scroll","background-type":"","background-media":"","overlay-type":"","overlay-color":"","overlay-opacity":"","overlay-gradient":""}},"ast-content-background-meta":{"desktop":{"background-color":"var(--ast-global-color-5)","background-image":"","background-repeat":"repeat","background-position":"center center","background-size":"auto","background-attachment":"scroll","background-type":"","background-media":"","overlay-type":"","overlay-color":"","overlay-opacity":"","overlay-gradient":""},"tablet":{"background-color":"var(--ast-global-color-5)","background-image":"","background-repeat":"repeat","background-position":"center center","background-size":"auto","background-attachment":"scroll","background-type":"","background-media":"","overlay-type":"","overlay-color":"","overlay-opacity":"","overlay-gradient":""},"mobile":{"background-color":"var(--ast-global-color-5)","background-image":"","background-repeat":"repeat","background-position":"center center","background-size":"auto","background-attachment":"scroll","background-type":"","background-media":"","overlay-type":"","overlay-color":"","overlay-opacity":"","overlay-gradient":""}},"footnotes":""},"class_list":["post-756","page","type-page","status-publish","hentry"],"_links":{"self":[{"href":"https:\/\/hawinorge.no\/index.php?rest_route=\/wp\/v2\/pages\/756","targetHints":{"allow":["GET"]}}],"collection":[{"href":"https:\/\/hawinorge.no\/index.php?rest_route=\/wp\/v2\/pages"}],"about":[{"href":"https:\/\/hawinorge.no\/index.php?rest_route=\/wp\/v2\/types\/page"}],"author":[{"embeddable":true,"href":"https:\/\/hawinorge.no\/index.php?rest_route=\/wp\/v2\/users\/1"}],"replies":[{"embeddable":true,"href":"https:\/\/hawinorge.no\/index.php?rest_route=%2Fwp%2Fv2%2Fcomments&post=756"}],"version-history":[{"count":38,"href":"https:\/\/hawinorge.no\/index.php?rest_route=\/wp\/v2\/pages\/756\/revisions"}],"predecessor-version":[{"id":822,"href":"https:\/\/hawinorge.no\/index.php?rest_route=\/wp\/v2\/pages\/756\/revisions\/822"}],"wp:attachment":[{"href":"https:\/\/hawinorge.no\/index.php?rest_route=%2Fwp%2Fv2%2Fmedia&parent=756"}],"curies":[{"name":"wp","href":"https:\/\/api.w.org\/{rel}","templated":true}]}}